{"id":2,"date":"2023-05-18T17:49:42","date_gmt":"2023-05-18T15:49:42","guid":{"rendered":"http:\/\/pan-urian.pl\/?page_id=2"},"modified":"2024-06-08T13:31:38","modified_gmt":"2024-06-08T11:31:38","slug":"przykladowa-strona","status":"publish","type":"page","link":"https:\/\/pan-urian.pl\/index.php\/przykladowa-strona\/","title":{"rendered":"O mnie"},"content":{"rendered":"\n<div class=\"wp-block-cover is-light\"><span aria-hidden=\"true\" class=\"wp-block-cover__background has-background-dim\"><\/span><img loading=\"lazy\" decoding=\"async\" width=\"2560\" height=\"1920\" class=\"wp-block-cover__image-background wp-image-235\" alt=\"\" src=\"https:\/\/pan-urian.pl\/wp-content\/uploads\/2023\/07\/IMG20220205123911-scaled.jpg\" style=\"object-position:43% 52%\" data-object-fit=\"cover\" data-object-position=\"43% 52%\" srcset=\"https:\/\/pan-urian.pl\/wp-content\/uploads\/2023\/07\/IMG20220205123911-scaled.jpg 2560w, https:\/\/pan-urian.pl\/wp-content\/uploads\/2023\/07\/IMG20220205123911-300x225.jpg 300w, https:\/\/pan-urian.pl\/wp-content\/uploads\/2023\/07\/IMG20220205123911-1024x768.jpg 1024w, https:\/\/pan-urian.pl\/wp-content\/uploads\/2023\/07\/IMG20220205123911-768x576.jpg 768w, https:\/\/pan-urian.pl\/wp-content\/uploads\/2023\/07\/IMG20220205123911-1536x1152.jpg 1536w, https:\/\/pan-urian.pl\/wp-content\/uploads\/2023\/07\/IMG20220205123911-2048x1536.jpg 2048w, https:\/\/pan-urian.pl\/wp-content\/uploads\/2023\/07\/IMG20220205123911-400x300.jpg 400w\" sizes=\"auto, (max-width: 2560px) 100vw, 2560px\" \/><div class=\"wp-block-cover__inner-container is-layout-flow wp-block-cover-is-layout-flow\">\n<p class=\"has-text-align-center\" style=\"font-size:60px;font-style:italic;font-weight:700\"><\/p>\n<\/div><\/div>\n\n\n\n<div style=\"height:30px\" aria-hidden=\"true\" class=\"wp-block-spacer\"><\/div>\n\n\n\n<p><strong>Cze\u015b\u0107!<\/strong><\/p>\n\n\n\n<p><strong>Nazywam si\u0119 Hubert Li\u015bkiewicz &#8211; mieszkam obecnie w Krakowie, a pochodz\u0119 z ,,krainy koni i mi\u0119ty&#8221; &#8211; miejscowo\u015bci Micha\u0142\u00f3w <br>w Wojew\u00f3dztwie \u015awi\u0119tokrzyskim.<\/strong> <\/p>\n\n\n\n<p><strong>Jestem osob\u0105 ciekaw\u0105 \u015bwiata za horyzontem, nowych rzeczy i do\u015bwiadcze\u0144, uwielbiam wszelk\u0105 aktywno\u015b\u0107 fizyczn\u0105 oraz ludzi nastawionych na rozw\u00f3j i poznawanie. Bardzo lubi\u0119 ci\u0105g\u0142y ruch i zmiany, ale szanuj\u0119 i dbam tak\u017ce o swoj\u0105 ,,bezpieczn\u0105 przysta\u0144&#8221;. <\/strong><\/p>\n\n\n\n<div style=\"height:30px\" aria-hidden=\"true\" class=\"wp-block-spacer\"><\/div>\n\n\n\n<hr class=\"wp-block-separator has-alpha-channel-opacity is-style-wide\"\/>\n\n\n\n<figure class=\"wp-block-gallery has-nested-images columns-3 is-cropped wp-block-gallery-1 is-layout-flex wp-block-gallery-is-layout-flex\">\n<figure class=\"wp-block-image size-large\"><img loading=\"lazy\" decoding=\"async\" width=\"684\" height=\"1024\" data-id=\"262\" src=\"https:\/\/pan-urian.pl\/wp-content\/uploads\/2023\/07\/XRun1-684x1024.jpg\" alt=\"\" class=\"wp-image-262\" srcset=\"https:\/\/pan-urian.pl\/wp-content\/uploads\/2023\/07\/XRun1-684x1024.jpg 684w, https:\/\/pan-urian.pl\/wp-content\/uploads\/2023\/07\/XRun1-200x300.jpg 200w, https:\/\/pan-urian.pl\/wp-content\/uploads\/2023\/07\/XRun1-768x1151.jpg 768w, https:\/\/pan-urian.pl\/wp-content\/uploads\/2023\/07\/XRun1-1025x1536.jpg 1025w, https:\/\/pan-urian.pl\/wp-content\/uploads\/2023\/07\/XRun1.jpg 1367w\" sizes=\"auto, (max-width: 684px) 100vw, 684px\" \/><\/figure>\n\n\n\n<figure class=\"wp-block-image size-large\"><img loading=\"lazy\" decoding=\"async\" width=\"1024\" height=\"683\" data-id=\"255\" src=\"https:\/\/pan-urian.pl\/wp-content\/uploads\/2023\/07\/20220503_KSAF_AGH_Krakostop_ZDeszcz_110-1-1024x683.jpg\" alt=\"\" class=\"wp-image-255\" srcset=\"https:\/\/pan-urian.pl\/wp-content\/uploads\/2023\/07\/20220503_KSAF_AGH_Krakostop_ZDeszcz_110-1-1024x683.jpg 1024w, https:\/\/pan-urian.pl\/wp-content\/uploads\/2023\/07\/20220503_KSAF_AGH_Krakostop_ZDeszcz_110-1-300x200.jpg 300w, https:\/\/pan-urian.pl\/wp-content\/uploads\/2023\/07\/20220503_KSAF_AGH_Krakostop_ZDeszcz_110-1-768x512.jpg 768w, https:\/\/pan-urian.pl\/wp-content\/uploads\/2023\/07\/20220503_KSAF_AGH_Krakostop_ZDeszcz_110-1-1536x1024.jpg 1536w, https:\/\/pan-urian.pl\/wp-content\/uploads\/2023\/07\/20220503_KSAF_AGH_Krakostop_ZDeszcz_110-1-450x300.jpg 450w, https:\/\/pan-urian.pl\/wp-content\/uploads\/2023\/07\/20220503_KSAF_AGH_Krakostop_ZDeszcz_110-1-375x250.jpg 375w, https:\/\/pan-urian.pl\/wp-content\/uploads\/2023\/07\/20220503_KSAF_AGH_Krakostop_ZDeszcz_110-1.jpg 2048w\" sizes=\"auto, (max-width: 1024px) 100vw, 1024px\" \/><\/figure>\n\n\n\n<figure class=\"wp-block-image size-large is-style-default\"><img loading=\"lazy\" decoding=\"async\" width=\"1024\" height=\"768\" data-id=\"307\" src=\"http:\/\/pan-urian.pl\/wp-content\/uploads\/2023\/07\/GOPR2653-1024x768.jpg\" alt=\"\" class=\"wp-image-307\" srcset=\"https:\/\/pan-urian.pl\/wp-content\/uploads\/2023\/07\/GOPR2653-1024x768.jpg 1024w, https:\/\/pan-urian.pl\/wp-content\/uploads\/2023\/07\/GOPR2653-300x225.jpg 300w, https:\/\/pan-urian.pl\/wp-content\/uploads\/2023\/07\/GOPR2653-768x576.jpg 768w, https:\/\/pan-urian.pl\/wp-content\/uploads\/2023\/07\/GOPR2653-1536x1152.jpg 1536w, https:\/\/pan-urian.pl\/wp-content\/uploads\/2023\/07\/GOPR2653-2048x1536.jpg 2048w, https:\/\/pan-urian.pl\/wp-content\/uploads\/2023\/07\/GOPR2653-400x300.jpg 400w\" sizes=\"auto, (max-width: 1024px) 100vw, 1024px\" \/><\/figure>\n<\/figure>\n\n\n\n<hr class=\"wp-block-separator has-alpha-channel-opacity is-style-wide\"\/>\n\n\n\n<div style=\"height:30px\" aria-hidden=\"true\" class=\"wp-block-spacer\"><\/div>\n\n\n\n<p>Kim jestem? <\/p>\n\n\n\n<p>Na co dzie\u0144 pracuj\u0119 w bran\u017cy turystycznej i outdoorowej, gdzie zajmuj\u0119 si\u0119 doradztwem sprz\u0119tu g\u00f3rskiego w sklepie PolarSport w Krakowie. Dzi\u0119ki temu miejscu mam mo\u017cliwo\u015b\u0107 rozwija\u0107 swoj\u0105 pasj\u0119, jak\u0105 jest turystyka g\u00f3rska, poznawa\u0107 nowe rozwi\u0105zania technologiczne w sprz\u0119cie czy dzieli\u0107 si\u0119 z klientami i wsp\u00f3\u0142pracownikami do\u015bwiadczeniem przyniesionym z g\u00f3r.<\/p>\n\n\n\n<p>Jestem sportowcem-amatorem &#8211; moj\u0105 obecnie dominuj\u0105c\u0105 dyscyplin\u0105 jest bieganie &#8211; przede wszystkim g\u00f3rskie i terenowe. W tym kierunku rozwijam si\u0119 pod okiem trenera Jarka z ,,My Endurance Coaching&#8221;.<\/p>\n\n\n\n<p>Poza regularnymi biegowymi treningami, pozostaj\u0119 jednak ci\u0105gle aktywny &#8211; chodz\u0119 po g\u00f3rach, je\u017cd\u017c\u0119 wsz\u0119dzie rowerem (zw\u0142aszcza po Krakowie), je\u017cd\u017c\u0119 na nartach zjazdowych i skiturowych, zaczynam swoj\u0105 przygod\u0119 z boulderingiem i docelowo wspinaczk\u0105 w ska\u0142ach, a wcze\u015bniej regularnie uprawia\u0142em je\u017adziectwo czy szermierk\u0119 historyczn\u0105.<\/p>\n\n\n\n<p>Ch\u0119tnie anga\u017cuj\u0119 si\u0119 w dodatkow\u0105 dzia\u0142alno\u015b\u0107, kt\u00f3ra sprawia mi sporo przyjemno\u015bci &#8211; wspiera\u0142em imprezy sportowe takie jak CAVALIADA Tour w Krakowie czy Nietuzinkowe Biegi G\u00f3rskie X-Run w Beskidzie Wyspowym, wsp\u00f3\u0142organizowa\u0142em Krakowski Wy\u015bcig Autostopowy do W\u0142och (2021r.) i Grecji (2022r.), dzia\u0142a\u0142em w Wydzia\u0142owej Radzie Samorz\u0105du Student\u00f3w AGH  jako wolontariusz Pokojowego Patrolu WO\u015aP podczas PolAndRock Festiwal i Fina\u0142\u00f3w w Sztabie przy Urz\u0119dzie Miasta Krak\u00f3w.<\/p>\n\n\n\n<div style=\"height:30px\" aria-hidden=\"true\" class=\"wp-block-spacer\"><\/div>\n\n\n\n<p>Na moim blogu g\u0142\u00f3wn\u0105 tematyk\u0105 pozostan\u0105 biegi i turystyka g\u00f3rska oraz moje indywidualne realizacje zamierzonych projekt\u00f3w &#8211; ale nie zabraknie te\u017c miejsca na kilka innych, nie mniej ciekawych temat\u00f3w.<\/p>\n\n\n\n<p>Zapraszam Ci\u0119 do sprawdzenia mojej strony!<br>Mi\u0142ego czytania!<\/p>\n\n\n\n<div style=\"height:30px\" aria-hidden=\"true\" class=\"wp-block-spacer\"><\/div>\n\n\n\n<hr class=\"wp-block-separator has-alpha-channel-opacity is-style-wide\"\/>\n\n\n\n<figure class=\"wp-block-gallery has-nested-images columns-default is-cropped wp-block-gallery-2 is-layout-flex wp-block-gallery-is-layout-flex\">\n<figure class=\"wp-block-image size-large\"><img loading=\"lazy\" decoding=\"async\" width=\"766\" height=\"1024\" data-id=\"239\" src=\"https:\/\/pan-urian.pl\/wp-content\/uploads\/2023\/07\/IMG_20230214_161823-766x1024.jpg\" alt=\"\" class=\"wp-image-239\" srcset=\"https:\/\/pan-urian.pl\/wp-content\/uploads\/2023\/07\/IMG_20230214_161823-766x1024.jpg 766w, https:\/\/pan-urian.pl\/wp-content\/uploads\/2023\/07\/IMG_20230214_161823-224x300.jpg 224w, https:\/\/pan-urian.pl\/wp-content\/uploads\/2023\/07\/IMG_20230214_161823-768x1026.jpg 768w, https:\/\/pan-urian.pl\/wp-content\/uploads\/2023\/07\/IMG_20230214_161823-1149x1536.jpg 1149w, https:\/\/pan-urian.pl\/wp-content\/uploads\/2023\/07\/IMG_20230214_161823-1532x2048.jpg 1532w, https:\/\/pan-urian.pl\/wp-content\/uploads\/2023\/07\/IMG_20230214_161823-scaled.jpg 1916w\" sizes=\"auto, (max-width: 766px) 100vw, 766px\" \/><\/figure>\n\n\n\n<figure class=\"wp-block-image size-large\"><img loading=\"lazy\" decoding=\"async\" width=\"1024\" height=\"683\" data-id=\"238\" src=\"https:\/\/pan-urian.pl\/wp-content\/uploads\/2023\/07\/124979-PKR22-1120-21-000101-pkr22_01_mta_20221016_110905_1-1-1024x683.jpg\" alt=\"\" class=\"wp-image-238\" srcset=\"https:\/\/pan-urian.pl\/wp-content\/uploads\/2023\/07\/124979-PKR22-1120-21-000101-pkr22_01_mta_20221016_110905_1-1-1024x683.jpg 1024w, https:\/\/pan-urian.pl\/wp-content\/uploads\/2023\/07\/124979-PKR22-1120-21-000101-pkr22_01_mta_20221016_110905_1-1-300x200.jpg 300w, https:\/\/pan-urian.pl\/wp-content\/uploads\/2023\/07\/124979-PKR22-1120-21-000101-pkr22_01_mta_20221016_110905_1-1-768x512.jpg 768w, https:\/\/pan-urian.pl\/wp-content\/uploads\/2023\/07\/124979-PKR22-1120-21-000101-pkr22_01_mta_20221016_110905_1-1-1536x1024.jpg 1536w, https:\/\/pan-urian.pl\/wp-content\/uploads\/2023\/07\/124979-PKR22-1120-21-000101-pkr22_01_mta_20221016_110905_1-1-2048x1365.jpg 2048w, https:\/\/pan-urian.pl\/wp-content\/uploads\/2023\/07\/124979-PKR22-1120-21-000101-pkr22_01_mta_20221016_110905_1-1-450x300.jpg 450w, https:\/\/pan-urian.pl\/wp-content\/uploads\/2023\/07\/124979-PKR22-1120-21-000101-pkr22_01_mta_20221016_110905_1-1-375x250.jpg 375w\" sizes=\"auto, (max-width: 1024px) 100vw, 1024px\" \/><\/figure>\n\n\n\n<figure class=\"wp-block-image size-large\"><img loading=\"lazy\" decoding=\"async\" width=\"768\" height=\"1024\" data-id=\"257\" src=\"https:\/\/pan-urian.pl\/wp-content\/uploads\/2023\/07\/IMG20211004171401-768x1024.jpg\" alt=\"\" class=\"wp-image-257\" srcset=\"https:\/\/pan-urian.pl\/wp-content\/uploads\/2023\/07\/IMG20211004171401-768x1024.jpg 768w, https:\/\/pan-urian.pl\/wp-content\/uploads\/2023\/07\/IMG20211004171401-225x300.jpg 225w, https:\/\/pan-urian.pl\/wp-content\/uploads\/2023\/07\/IMG20211004171401-1152x1536.jpg 1152w, https:\/\/pan-urian.pl\/wp-content\/uploads\/2023\/07\/IMG20211004171401-1536x2048.jpg 1536w, https:\/\/pan-urian.pl\/wp-content\/uploads\/2023\/07\/IMG20211004171401-scaled.jpg 1920w\" sizes=\"auto, (max-width: 768px) 100vw, 768px\" \/><\/figure>\n<\/figure>\n\n\n\n<hr class=\"wp-block-separator has-alpha-channel-opacity is-style-wide\"\/>\n\n\n\n<div style=\"height:30px\" aria-hidden=\"true\" class=\"wp-block-spacer\"><\/div>\n\n\n\n<blockquote class=\"wp-block-quote is-style-default has-large-font-size is-layout-flow wp-block-quote-is-layout-flow\">\n<p style=\"font-size:24px\">,,Bieganie jest najbardziej naturalnym, najczystszym i najprostszym sposobem poruszania si\u0119. Najbli\u017csze bieganiu jest chodzenie, co w\u0142a\u015bnie robi biegacz, kiedy si\u0119 zm\u0119czy. Obie aktywno\u015bci spe\u0142niaj\u0105 jeden z g\u0142\u00f3wnych cel\u00f3w cz\u0142owieka: przemieszczanie si\u0119. A przemieszczanie jest synonimem odkrywania. Dla mnie to jeden z podstawowych element\u00f3w \u017cycia. Bez niego nie ma nauki. A poza tym po obraniu jakiej\u015b drogi mo\u017cesz j\u0105 potem rozwidla\u0107 i przemieszcza\u0107 si\u0119 bez ko\u0144ca.<\/p>\n\n\n\n<p style=\"font-size:24px\"><br>~ Kilian Jornet ,,Niemo\u017cliwe nie istnieje&#8221;<\/p>\n<\/blockquote>\n\n\n\n<div style=\"height:30px\" aria-hidden=\"true\" class=\"wp-block-spacer\"><\/div>\n\n\n\n<div class=\"wp-block-cover is-light\"><span aria-hidden=\"true\" class=\"wp-block-cover__background has-background-dim\"><\/span><img loading=\"lazy\" decoding=\"async\" width=\"2048\" height=\"1365\" class=\"wp-block-cover__image-background wp-image-228\" alt=\"\" src=\"http:\/\/pan-urian.pl\/wp-content\/uploads\/2023\/07\/20220505_Krakostop_PDlugosz-516.jpg\" style=\"object-position:41% 100%\" data-object-fit=\"cover\" data-object-position=\"41% 100%\" srcset=\"https:\/\/pan-urian.pl\/wp-content\/uploads\/2023\/07\/20220505_Krakostop_PDlugosz-516.jpg 2048w, https:\/\/pan-urian.pl\/wp-content\/uploads\/2023\/07\/20220505_Krakostop_PDlugosz-516-300x200.jpg 300w, https:\/\/pan-urian.pl\/wp-content\/uploads\/2023\/07\/20220505_Krakostop_PDlugosz-516-1024x683.jpg 1024w, https:\/\/pan-urian.pl\/wp-content\/uploads\/2023\/07\/20220505_Krakostop_PDlugosz-516-768x512.jpg 768w, https:\/\/pan-urian.pl\/wp-content\/uploads\/2023\/07\/20220505_Krakostop_PDlugosz-516-1536x1024.jpg 1536w, https:\/\/pan-urian.pl\/wp-content\/uploads\/2023\/07\/20220505_Krakostop_PDlugosz-516-450x300.jpg 450w, https:\/\/pan-urian.pl\/wp-content\/uploads\/2023\/07\/20220505_Krakostop_PDlugosz-516-375x250.jpg 375w\" sizes=\"auto, (max-width: 2048px) 100vw, 2048px\" \/><div class=\"wp-block-cover__inner-container is-layout-flow wp-block-cover-is-layout-flow\">\n<p class=\"has-text-align-center has-large-font-size\"><\/p>\n<\/div><\/div>\n","protected":false},"excerpt":{"rendered":"<p>Cze\u015b\u0107! Nazywam si\u0119 Hubert Li\u015bkiewicz &#8211; mieszkam obecnie w Krakowie, a pochodz\u0119 z ,,krainy koni i mi\u0119ty&#8221; &#8211; miejscowo\u015bci Micha\u0142\u00f3w w Wojew\u00f3dztwie \u015awi\u0119tokrzyskim. Jestem osob\u0105 &hellip;<\/p>\n","protected":false},"author":1,"featured_media":0,"parent":0,"menu_order":0,"comment_status":"closed","ping_status":"closed","template":"","meta":{"om_disable_all_campaigns":false,"_monsterinsights_skip_tracking":false,"_monsterinsights_sitenote_active":false,"_monsterinsights_sitenote_note":"","_monsterinsights_sitenote_category":0,"_uf_show_specific_survey":0,"_uf_disable_surveys":false,"footnotes":""},"class_list":["post-2","page","type-page","status-publish","hentry"],"aioseo_notices":[],"_links":{"self":[{"href":"https:\/\/pan-urian.pl\/index.php\/wp-json\/wp\/v2\/pages\/2","targetHints":{"allow":["GET"]}}],"collection":[{"href":"https:\/\/pan-urian.pl\/index.php\/wp-json\/wp\/v2\/pages"}],"about":[{"href":"https:\/\/pan-urian.pl\/index.php\/wp-json\/wp\/v2\/types\/page"}],"author":[{"embeddable":true,"href":"https:\/\/pan-urian.pl\/index.php\/wp-json\/wp\/v2\/users\/1"}],"replies":[{"embeddable":true,"href":"https:\/\/pan-urian.pl\/index.php\/wp-json\/wp\/v2\/comments?post=2"}],"version-history":[{"count":47,"href":"https:\/\/pan-urian.pl\/index.php\/wp-json\/wp\/v2\/pages\/2\/revisions"}],"predecessor-version":[{"id":714,"href":"https:\/\/pan-urian.pl\/index.php\/wp-json\/wp\/v2\/pages\/2\/revisions\/714"}],"wp:attachment":[{"href":"https:\/\/pan-urian.pl\/index.php\/wp-json\/wp\/v2\/media?parent=2"}],"curies":[{"name":"wp","href":"https:\/\/api.w.org\/{rel}","templated":true}]}}